{"id":2906,"date":"2023-11-13T20:56:29","date_gmt":"2023-11-13T20:56:29","guid":{"rendered":"https:\/\/wandelethos.com\/clinica\/?page_id=2906"},"modified":"2024-02-13T16:32:21","modified_gmt":"2024-02-13T16:32:21","slug":"aviso-de-privacidad-wandelethos","status":"publish","type":"page","link":"https:\/\/wandelethos.com\/clinica\/aviso-de-privacidad-wandelethos\/","title":{"rendered":"Aviso de Privacidad"},"content":{"rendered":"\t\t<div data-elementor-type=\"wp-page\" data-elementor-id=\"2906\" class=\"elementor elementor-2906\" data-elementor-post-type=\"page\">\n\t\t\t\t<div class=\"elementor-element elementor-element-74172dd e-flex e-con-boxed wpr-particle-no wpr-jarallax-no wpr-parallax-no wpr-sticky-section-no wpr-equal-height-no e-con e-parent\" data-id=\"74172dd\" data-element_type=\"container\" data-e-type=\"container\">\n\t\t\t\t\t<div class=\"e-con-inner\">\n\t\t\t\t<div class=\"elementor-element elementor-element-09efcab elementor-widget elementor-widget-text-editor\" data-id=\"09efcab\" data-element_type=\"widget\" data-e-type=\"widget\" data-widget_type=\"text-editor.default\">\n\t\t\t\t<div class=\"elementor-widget-container\">\n\t\t\t\t\t\t\t\t\t<div class=\"flex-1 overflow-hidden\"><div class=\"react-scroll-to-bottom--css-jgrct-79elbk h-full\"><div class=\"react-scroll-to-bottom--css-jgrct-1n7m0yu\"><div class=\"flex flex-col text-sm gizmo:pb-9 dark:bg-gray-800 gizmo:dark:bg-transparent\"><div class=\"group w-full text-token-text-primary border-b border-black\/10 gizmo:border-0 dark:border-gray-900\/50 gizmo:dark:border-0 bg-gray-50 gizmo:bg-transparent dark:bg-[#444654] gizmo:dark:bg-transparent\" data-testid=\"conversation-turn-224\"><div class=\"p-4 gizmo:py-2 justify-center text-base md:gap-6 md:py-6 m-auto\"><div class=\"flex flex-1 gap-4 text-base mx-auto md:gap-6 gizmo:gap-3 gizmo:md:px-5 gizmo:lg:px-1 gizmo:xl:px-5 md:max-w-2xl lg:max-w-[38rem] gizmo:md:max-w-3xl gizmo:lg:max-w-[40rem] gizmo:xl:max-w-[48rem] xl:max-w-3xl }\"><div class=\"relative flex w-[calc(100%-50px)] flex-col gizmo:w-full lg:w-[calc(100%-115px)] agent-turn\"><div class=\"flex-col gap-1 md:gap-3\"><div class=\"flex flex-grow flex-col max-w-full gap-3 gizmo:gap-0\"><div class=\"min-h-[20px] text-message peer flex flex-col items-start gap-3 whitespace-pre-wrap break-words peer-[.text-message]:mt-5 overflow-x-auto\" data-message-author-role=\"assistant\" data-message-id=\"eb6f6fa6-a2ee-4f5e-84ab-b1f93b2858d8\"><div class=\"markdown prose w-full break-words dark:prose-invert dark\"><p>En <strong>Centro de Atenci\u00f3n Psicol\u00f3gica WANDELETHOS<\/strong>\u00a0reconocemos y valoramos la privacidad de nuestros usuarios y nos comprometemos a proteger la confidencialidad de la informaci\u00f3n personal que nos proporcionan. Esta Pol\u00edtica de Privacidad describe c\u00f3mo recopilamos, utilizamos y compartimos la informaci\u00f3n que obtenemos a trav\u00e9s de nuestros servicios.<\/p><h5><strong>1. INFORMACI\u00d3N QUE RECOPILAMOS:<\/strong><\/h5><p>a. Datos de Identificaci\u00f3n: Recopilamos informaci\u00f3n como nombres, direcciones y n\u00fameros de contacto.<\/p><p>b. Informaci\u00f3n de Salud: Para brindar servicios psicol\u00f3gicos, podemos recopilar informaci\u00f3n sobre la salud mental de nuestros usuarios.<\/p><p>c. Informaci\u00f3n de Pago: En caso de servicios pagados, recopilamos datos relacionados con transacciones financieras.<\/p><h5><strong>2. USO DE LA INFORMACI\u00d3N:<\/strong><\/h5><p>a. Prestaci\u00f3n de Servicios: Utilizamos la informaci\u00f3n para brindar servicios psicol\u00f3gicos y administrar citas.<\/p><p>b. Mejora de Servicios: Analizamos datos para mejorar la calidad y eficacia de nuestros servicios.<\/p><h5><strong>3. CONFIDENCIALIDAD Y SEGURIDAD:<\/strong><\/h5><p>a. Protecci\u00f3n de Datos: Implementamos medidas de seguridad para proteger la informaci\u00f3n contra accesos no autorizados.<\/p><p>b. Confidencialidad Terap\u00e9utica: Respetamos la confidencialidad terap\u00e9utica, salvo en casos legalmente establecidos.<\/p><h5><strong>4. COMPARTIR INFORMACI\u00d3N:<\/strong><\/h5><p>a. Consentimiento: Compartimos informaci\u00f3n solo con el consentimiento expl\u00edcito del usuario.<\/p><p>b. Obligaciones Legales: Revelamos informaci\u00f3n en cumplimiento de requisitos legales.<\/p><h5><strong>5. RETENCI\u00d3N DE DATOS:<\/strong><\/h5><p>a. Conservaci\u00f3n: Retenemos datos durante el tiempo necesario para cumplir con los fines para los cuales se recopilaron.<\/p><h5><strong>6. DERECHOS DEL USUARIO:<\/strong><\/h5><p>a. Los usuarios pueden solicitar acceso y correcci\u00f3n de\u00a0 su informaci\u00f3n personal.<\/p><h5><strong>7. MENORES:<\/strong><\/h5><p>a. Requisitos Legales: Cumplimos con todas las leyes aplicables relacionadas con la privacidad de los menores.<\/p><h5><strong>8. CAMBIOS EN LA POL\u00cdTICA:<\/strong><\/h5><p>a. Notificaci\u00f3n: Informaremos a los usuarios sobre cambios significativos en esta Pol\u00edtica.<\/p><h5><strong>9. CONTACTO:<\/strong><\/h5><p>a. Informaci\u00f3n de Contacto: Para consultas sobre privacidad, cont\u00e1ctenos a <a href=\"mailto:contacto@wandelethos.com.mx\" target=\"_blank\" rel=\"noopener\">contacto@wandelethos.com.mx<\/a> o <a href=\"tel:55 6313 3408\" target=\"_blank\" rel=\"noopener\">55 6313 3408<\/a><\/p><h5><strong>10. USO DE COOKIES:<\/strong><\/h5><p>a. Cookies: Utilizamos cookies para mejorar su experiencia en l\u00ednea. Al continuar utilizando nuestros servicios, usted acepta el uso de cookies de acuerdo con nuestra pol\u00edtica.<\/p><h5><strong>11. SOBRE PUBLICIDAD:<\/strong><\/h5><p>a. Publicidad: Utilizamos cookies y tecnolog\u00edas similares para mostrar publicidad relevante. Puede ajustar la configuraci\u00f3n de cookies en su navegador.<\/p><p>Al utilizar nuestros servicios, usted acepta los t\u00e9rminos descritos en esta Pol\u00edtica de Privacidad. Esta pol\u00edtica est\u00e1 sujeta a cambios, y las actualizaciones se publicar\u00e1n en nuestro sitio web.<\/p><\/div><\/div><\/div><\/div><\/div><\/div><\/div><\/div><\/div><\/div><\/div><\/div>\t\t\t\t\t\t\t\t<\/div>\n\t\t\t\t<\/div>\n\t\t\t\t\t<\/div>\n\t\t\t\t<\/div>\n\t\t\t\t<\/div>\n\t\t","protected":false},"excerpt":{"rendered":"<p>En Wandelethos, Centro de Atenci\u00f3n Psicol\u00f3gica, reconocemos y valoramos la privacidad de nuestros usuarios y nos comprometemos a proteger la confidencialidad de la informaci\u00f3n personal que nos proporcionan. Esta Pol\u00edtica de Privacidad describe c\u00f3mo recopilamos, utilizamos y compartimos la informaci\u00f3n que obtenemos a trav\u00e9s de nuestros servicios. 1. INFORMACI\u00d3N QUE RECOPILAMOS: a. Datos de Identificaci\u00f3n: Recopilamos informaci\u00f3n como nombres, direcciones y n\u00fameros de contacto. b. Informaci\u00f3n de Salud: Para brindar servicios psicol\u00f3gicos, podemos recopilar informaci\u00f3n sobre la salud mental de nuestros usuarios. c. Informaci\u00f3n de Pago: En caso de servicios pagados, recopilamos datos relacionados con transacciones financieras. 2. USO DE LA INFORMACI\u00d3N: a. Prestaci\u00f3n de Servicios: Utilizamos la informaci\u00f3n para brindar servicios psicol\u00f3gicos y administrar citas. b. Mejora de Servicios: Analizamos datos para mejorar la calidad y eficacia de nuestros servicios. 3. CONFIDENCIALIDAD Y SEGURIDAD: a. Protecci\u00f3n de Datos: Implementamos medidas de seguridad para proteger la informaci\u00f3n contra accesos no autorizados. b. Confidencialidad Terap\u00e9utica: Respetamos la confidencialidad terap\u00e9utica, salvo en casos legalmente establecidos. 4. COMPARTIR INFORMACI\u00d3N: a. Consentimiento: Compartimos informaci\u00f3n solo con el consentimiento expl\u00edcito del usuario. b. Obligaciones Legales: Revelamos informaci\u00f3n en cumplimiento de requisitos legales. 5. RETENCI\u00d3N DE DATOS: a. Conservaci\u00f3n: Retenemos datos durante el tiempo necesario para cumplir con los fines para los cuales se recopilaron. 6. DERECHOS DEL USUARIO: a. Los usuarios pueden solicitar acceso y correcci\u00f3n de\u00a0 su informaci\u00f3n personal. 7. MENORES: a. Requisitos Legales: Cumplimos con todas las leyes aplicables relacionadas con la privacidad de los menores. 8. CAMBIOS EN LA POL\u00cdTICA: a. Notificaci\u00f3n: Informaremos a los usuarios sobre cambios significativos en esta Pol\u00edtica. 9. CONTACTO: a. Informaci\u00f3n de Contacto: Para consultas sobre privacidad, cont\u00e1ctenos a contacto@wandelethos.com.mx o 55 6313 3408 10. USO DE COOKIES: a. Cookies: Utilizamos cookies para mejorar su experiencia en l\u00ednea. Al continuar utilizando nuestros servicios, usted acepta el uso de cookies de acuerdo con nuestra pol\u00edtica. 11. SOBRE PUBLICIDAD: a. Publicidad: Utilizamos cookies y tecnolog\u00edas similares para mostrar publicidad relevante. Puede ajustar la configuraci\u00f3n de cookies en su navegador. Al utilizar nuestros servicios, usted acepta los t\u00e9rminos descritos en esta Pol\u00edtica de Privacidad. Esta pol\u00edtica est\u00e1 sujeta a cambios, y las actualizaciones se publicar\u00e1n en nuestro sitio web.<\/p>\n","protected":false},"author":1,"featured_media":0,"parent":0,"menu_order":0,"comment_status":"closed","ping_status":"closed","template":"","meta":{"footnotes":""},"class_list":["post-2906","page","type-page","status-publish","hentry"],"yoast_head":"<!-- This site is optimized with the Yoast SEO plugin v27.5 - https:\/\/yoast.com\/product\/yoast-seo-wordpress\/ -->\n<title>Aviso de Privacidad - WANDELETHOS<\/title>\n<meta name=\"description\" content=\"En Centro de Atenci\u00f3n Psicol\u00f3gica WANDELETHOS reconocemos y valoramos la privacidad de nuestros usuarios y nos comprometemos ...\" \/>\n<meta name=\"robots\" content=\"index, follow, max-snippet:-1, max-image-preview:large, max-video-preview:-1\" \/>\n<link rel=\"canonical\" href=\"https:\/\/wandelethos.com\/clinica\/aviso-de-privacidad-wandelethos\/\" \/>\n<meta property=\"og:locale\" content=\"es_ES\" \/>\n<meta property=\"og:type\" content=\"article\" \/>\n<meta property=\"og:title\" content=\"Aviso de Privacidad - WANDELETHOS\" \/>\n<meta property=\"og:description\" content=\"En Centro de Atenci\u00f3n Psicol\u00f3gica WANDELETHOS reconocemos y valoramos la privacidad de nuestros usuarios y nos comprometemos ...\" \/>\n<meta property=\"og:url\" content=\"https:\/\/wandelethos.com\/clinica\/aviso-de-privacidad-wandelethos\/\" \/>\n<meta property=\"og:site_name\" content=\"PSIC\u00d3LOGOS ONLINE Y PRESENCIAL -PSIC\u00d3LOGOS CDMX, EDO M\u00c9X, M\u00c9XICO.\" \/>\n<meta property=\"article:publisher\" content=\"https:\/\/www.facebook.com\/psicologosyterapiadepareja\" \/>\n<meta property=\"article:modified_time\" content=\"2024-02-13T16:32:21+00:00\" \/>\n<meta property=\"og:image\" content=\"https:\/\/wandelethos.com\/clinica\/wp-content\/uploads\/2023\/11\/centro-de-atencion-psicologica-wandelethos.webp\" \/>\n\t<meta property=\"og:image:width\" content=\"300\" \/>\n\t<meta property=\"og:image:height\" content=\"300\" \/>\n\t<meta property=\"og:image:type\" content=\"image\/webp\" \/>\n<meta name=\"twitter:card\" content=\"summary_large_image\" \/>\n<meta name=\"twitter:label1\" content=\"Tiempo de lectura\" \/>\n\t<meta name=\"twitter:data1\" content=\"2 minutos\" \/>\n<script type=\"application\/ld+json\" class=\"yoast-schema-graph\">{\"@context\":\"https:\\\/\\\/schema.org\",\"@graph\":[{\"@type\":\"WebPage\",\"@id\":\"https:\\\/\\\/wandelethos.com\\\/clinica\\\/aviso-de-privacidad-wandelethos\\\/\",\"url\":\"https:\\\/\\\/wandelethos.com\\\/clinica\\\/aviso-de-privacidad-wandelethos\\\/\",\"name\":\"Aviso de Privacidad - WANDELETHOS\",\"isPartOf\":{\"@id\":\"https:\\\/\\\/wandelethos.com\\\/clinica\\\/#website\"},\"datePublished\":\"2023-11-13T20:56:29+00:00\",\"dateModified\":\"2024-02-13T16:32:21+00:00\",\"description\":\"En Centro de Atenci\u00f3n Psicol\u00f3gica WANDELETHOS reconocemos y valoramos la privacidad de nuestros usuarios y nos comprometemos ...\",\"breadcrumb\":{\"@id\":\"https:\\\/\\\/wandelethos.com\\\/clinica\\\/aviso-de-privacidad-wandelethos\\\/#breadcrumb\"},\"inLanguage\":\"es\",\"potentialAction\":[{\"@type\":\"ReadAction\",\"target\":[\"https:\\\/\\\/wandelethos.com\\\/clinica\\\/aviso-de-privacidad-wandelethos\\\/\"]}]},{\"@type\":\"BreadcrumbList\",\"@id\":\"https:\\\/\\\/wandelethos.com\\\/clinica\\\/aviso-de-privacidad-wandelethos\\\/#breadcrumb\",\"itemListElement\":[{\"@type\":\"ListItem\",\"position\":1,\"name\":\"Portada\",\"item\":\"https:\\\/\\\/wandelethos.com\\\/clinica\\\/\"},{\"@type\":\"ListItem\",\"position\":2,\"name\":\"Aviso de Privacidad\"}]},{\"@type\":\"WebSite\",\"@id\":\"https:\\\/\\\/wandelethos.com\\\/clinica\\\/#website\",\"url\":\"https:\\\/\\\/wandelethos.com\\\/clinica\\\/\",\"name\":\"PSIC\u00d3LOGOS ONLINE Y PRESENCIAL -PSIC\u00d3LOGOS CDMX, EDO M\u00c9X, M\u00c9XICO.\",\"description\":\"Psic\u00f3logos online y presencial-Psic\u00f2logos CDMX- Edo M\u00e9x-M\u00e9xico,  Centro de Atenci\u00f3n Psicol\u00f3gica Wandelethos, contamos con psic\u00f3logos especialistas en Terapia Psicologica Individual  y Terapia de Pareja en online y presencial en CDMX- Edo M\u00e9x- M\u00e9xico.\",\"publisher\":{\"@id\":\"https:\\\/\\\/wandelethos.com\\\/clinica\\\/#organization\"},\"alternateName\":\"Psic\u00f3logos Online y Presencial - Psic\u00f3logos en M\u00e9xico\",\"potentialAction\":[{\"@type\":\"SearchAction\",\"target\":{\"@type\":\"EntryPoint\",\"urlTemplate\":\"https:\\\/\\\/wandelethos.com\\\/clinica\\\/?s={search_term_string}\"},\"query-input\":{\"@type\":\"PropertyValueSpecification\",\"valueRequired\":true,\"valueName\":\"search_term_string\"}}],\"inLanguage\":\"es\"},{\"@type\":\"Organization\",\"@id\":\"https:\\\/\\\/wandelethos.com\\\/clinica\\\/#organization\",\"name\":\"Centro de Atenci\u00f3n Psicologica WANDELETHOS\",\"url\":\"https:\\\/\\\/wandelethos.com\\\/clinica\\\/\",\"logo\":{\"@type\":\"ImageObject\",\"inLanguage\":\"es\",\"@id\":\"https:\\\/\\\/wandelethos.com\\\/clinica\\\/#\\\/schema\\\/logo\\\/image\\\/\",\"url\":\"https:\\\/\\\/wandelethos.com\\\/clinica\\\/wp-content\\\/uploads\\\/2023\\\/11\\\/centro-de-atencion-psicologica-wandelethos.webp\",\"contentUrl\":\"https:\\\/\\\/wandelethos.com\\\/clinica\\\/wp-content\\\/uploads\\\/2023\\\/11\\\/centro-de-atencion-psicologica-wandelethos.webp\",\"width\":300,\"height\":300,\"caption\":\"Centro de Atenci\u00f3n Psicologica WANDELETHOS\"},\"image\":{\"@id\":\"https:\\\/\\\/wandelethos.com\\\/clinica\\\/#\\\/schema\\\/logo\\\/image\\\/\"},\"sameAs\":[\"https:\\\/\\\/www.facebook.com\\\/psicologosyterapiadepareja\"]}]}<\/script>\n<!-- \/ Yoast SEO plugin. -->","yoast_head_json":{"title":"Aviso de Privacidad - WANDELETHOS","description":"En Centro de Atenci\u00f3n Psicol\u00f3gica WANDELETHOS reconocemos y valoramos la privacidad de nuestros usuarios y nos comprometemos ...","robots":{"index":"index","follow":"follow","max-snippet":"max-snippet:-1","max-image-preview":"max-image-preview:large","max-video-preview":"max-video-preview:-1"},"canonical":"https:\/\/wandelethos.com\/clinica\/aviso-de-privacidad-wandelethos\/","og_locale":"es_ES","og_type":"article","og_title":"Aviso de Privacidad - WANDELETHOS","og_description":"En Centro de Atenci\u00f3n Psicol\u00f3gica WANDELETHOS reconocemos y valoramos la privacidad de nuestros usuarios y nos comprometemos ...","og_url":"https:\/\/wandelethos.com\/clinica\/aviso-de-privacidad-wandelethos\/","og_site_name":"PSIC\u00d3LOGOS ONLINE Y PRESENCIAL -PSIC\u00d3LOGOS CDMX, EDO M\u00c9X, M\u00c9XICO.","article_publisher":"https:\/\/www.facebook.com\/psicologosyterapiadepareja","article_modified_time":"2024-02-13T16:32:21+00:00","og_image":[{"width":300,"height":300,"url":"https:\/\/wandelethos.com\/clinica\/wp-content\/uploads\/2023\/11\/centro-de-atencion-psicologica-wandelethos.webp","type":"image\/webp"}],"twitter_card":"summary_large_image","twitter_misc":{"Tiempo de lectura":"2 minutos"},"schema":{"@context":"https:\/\/schema.org","@graph":[{"@type":"WebPage","@id":"https:\/\/wandelethos.com\/clinica\/aviso-de-privacidad-wandelethos\/","url":"https:\/\/wandelethos.com\/clinica\/aviso-de-privacidad-wandelethos\/","name":"Aviso de Privacidad - WANDELETHOS","isPartOf":{"@id":"https:\/\/wandelethos.com\/clinica\/#website"},"datePublished":"2023-11-13T20:56:29+00:00","dateModified":"2024-02-13T16:32:21+00:00","description":"En Centro de Atenci\u00f3n Psicol\u00f3gica WANDELETHOS reconocemos y valoramos la privacidad de nuestros usuarios y nos comprometemos ...","breadcrumb":{"@id":"https:\/\/wandelethos.com\/clinica\/aviso-de-privacidad-wandelethos\/#breadcrumb"},"inLanguage":"es","potentialAction":[{"@type":"ReadAction","target":["https:\/\/wandelethos.com\/clinica\/aviso-de-privacidad-wandelethos\/"]}]},{"@type":"BreadcrumbList","@id":"https:\/\/wandelethos.com\/clinica\/aviso-de-privacidad-wandelethos\/#breadcrumb","itemListElement":[{"@type":"ListItem","position":1,"name":"Portada","item":"https:\/\/wandelethos.com\/clinica\/"},{"@type":"ListItem","position":2,"name":"Aviso de Privacidad"}]},{"@type":"WebSite","@id":"https:\/\/wandelethos.com\/clinica\/#website","url":"https:\/\/wandelethos.com\/clinica\/","name":"PSIC\u00d3LOGOS ONLINE Y PRESENCIAL -PSIC\u00d3LOGOS CDMX, EDO M\u00c9X, M\u00c9XICO.","description":"Psic\u00f3logos online y presencial-Psic\u00f2logos CDMX- Edo M\u00e9x-M\u00e9xico,  Centro de Atenci\u00f3n Psicol\u00f3gica Wandelethos, contamos con psic\u00f3logos especialistas en Terapia Psicologica Individual  y Terapia de Pareja en online y presencial en CDMX- Edo M\u00e9x- M\u00e9xico.","publisher":{"@id":"https:\/\/wandelethos.com\/clinica\/#organization"},"alternateName":"Psic\u00f3logos Online y Presencial - Psic\u00f3logos en M\u00e9xico","potentialAction":[{"@type":"SearchAction","target":{"@type":"EntryPoint","urlTemplate":"https:\/\/wandelethos.com\/clinica\/?s={search_term_string}"},"query-input":{"@type":"PropertyValueSpecification","valueRequired":true,"valueName":"search_term_string"}}],"inLanguage":"es"},{"@type":"Organization","@id":"https:\/\/wandelethos.com\/clinica\/#organization","name":"Centro de Atenci\u00f3n Psicologica WANDELETHOS","url":"https:\/\/wandelethos.com\/clinica\/","logo":{"@type":"ImageObject","inLanguage":"es","@id":"https:\/\/wandelethos.com\/clinica\/#\/schema\/logo\/image\/","url":"https:\/\/wandelethos.com\/clinica\/wp-content\/uploads\/2023\/11\/centro-de-atencion-psicologica-wandelethos.webp","contentUrl":"https:\/\/wandelethos.com\/clinica\/wp-content\/uploads\/2023\/11\/centro-de-atencion-psicologica-wandelethos.webp","width":300,"height":300,"caption":"Centro de Atenci\u00f3n Psicologica WANDELETHOS"},"image":{"@id":"https:\/\/wandelethos.com\/clinica\/#\/schema\/logo\/image\/"},"sameAs":["https:\/\/www.facebook.com\/psicologosyterapiadepareja"]}]}},"_links":{"self":[{"href":"https:\/\/wandelethos.com\/clinica\/wp-json\/wp\/v2\/pages\/2906","targetHints":{"allow":["GET"]}}],"collection":[{"href":"https:\/\/wandelethos.com\/clinica\/wp-json\/wp\/v2\/pages"}],"about":[{"href":"https:\/\/wandelethos.com\/clinica\/wp-json\/wp\/v2\/types\/page"}],"author":[{"embeddable":true,"href":"https:\/\/wandelethos.com\/clinica\/wp-json\/wp\/v2\/users\/1"}],"replies":[{"embeddable":true,"href":"https:\/\/wandelethos.com\/clinica\/wp-json\/wp\/v2\/comments?post=2906"}],"version-history":[{"count":56,"href":"https:\/\/wandelethos.com\/clinica\/wp-json\/wp\/v2\/pages\/2906\/revisions"}],"predecessor-version":[{"id":6749,"href":"https:\/\/wandelethos.com\/clinica\/wp-json\/wp\/v2\/pages\/2906\/revisions\/6749"}],"wp:attachment":[{"href":"https:\/\/wandelethos.com\/clinica\/wp-json\/wp\/v2\/media?parent=2906"}],"curies":[{"name":"wp","href":"https:\/\/api.w.org\/{rel}","templated":true}]}}