{"id":2407,"date":"2023-11-03T18:55:07","date_gmt":"2023-11-03T18:55:07","guid":{"rendered":"https:\/\/wandelethos.com\/clinica\/?page_id=2407"},"modified":"2024-02-06T18:36:56","modified_gmt":"2024-02-06T18:36:56","slug":"bolsa-de-trabajo","status":"publish","type":"page","link":"https:\/\/wandelethos.com\/clinica\/bolsa-de-trabajo\/","title":{"rendered":"Bolsa de Trabajo"},"content":{"rendered":"\t\t<div data-elementor-type=\"wp-page\" data-elementor-id=\"2407\" class=\"elementor elementor-2407\" data-elementor-post-type=\"page\">\n\t\t\t\t<div class=\"elementor-element elementor-element-86857d2 e-flex e-con-boxed wpr-particle-no wpr-jarallax-no wpr-parallax-no wpr-sticky-section-no wpr-column-slider-no wpr-equal-height-no e-con e-parent\" data-id=\"86857d2\" data-element_type=\"container\" data-e-type=\"container\">\n\t\t\t\t\t<div class=\"e-con-inner\">\n\t\t\t\t<div class=\"elementor-element elementor-element-932ac58 premium-header-block premium-lq__none premium-box-lq__none elementor-widget elementor-widget-premium-addon-dual-header\" data-id=\"932ac58\" data-element_type=\"widget\" data-e-type=\"widget\" data-widget_type=\"premium-addon-dual-header.default\">\n\t\t\t\t\t\n\t\t<div class=\"elementor-widget-container\">\n\t\t<div class=\"premium-dual-header-wrapper\">\n\t\t\t\t\t<h2 class=\"premium-dual-header-first-header \"><span class=\"premium-dual-header-first-span\">\u00danete a nuestro  <\/span><span class=\"premium-dual-header-second-header \">equipo de psicoterapeutas<\/span><\/h2> \t\t\t\t\t\t<\/div>\n\t\t<\/div>\n\n\t\t\t\t\t\t<\/div>\n\t\t\t\t<div class=\"elementor-element elementor-element-926858a elementor-widget elementor-widget-html\" data-id=\"926858a\" data-element_type=\"widget\" data-e-type=\"widget\" id=\"seo-bolsadetrabajo\" data-widget_type=\"html.default\">\n\t\t\t\t<div class=\"elementor-widget-container\">\n\t\t\t\t\t<p>Bolsa de trabajo de psic\u00f3logos en l\u00ednea y presencial de Wandelethos - Centro de Atenci\u00f3n Psicologica.<\/p>\t\t\t\t<\/div>\n\t\t\t\t<\/div>\n\t\t\t\t\t<\/div>\n\t\t\t\t<\/div>\n\t\t<div class=\"elementor-element elementor-element-9ccf90f e-flex e-con-boxed wpr-particle-no wpr-jarallax-no wpr-parallax-no wpr-sticky-section-no wpr-column-slider-no wpr-equal-height-no e-con e-parent\" data-id=\"9ccf90f\" data-element_type=\"container\" data-e-type=\"container\">\n\t\t\t\t\t<div class=\"e-con-inner\">\n\t\t<div class=\"elementor-element elementor-element-373fa3f e-con-full e-flex wpr-particle-no wpr-jarallax-no wpr-parallax-no wpr-sticky-section-no wpr-column-slider-no wpr-equal-height-no e-con e-child\" data-id=\"373fa3f\" data-element_type=\"container\" data-e-type=\"container\" data-settings=\"{&quot;background_background&quot;:&quot;classic&quot;}\">\n\t\t\t\t<div class=\"elementor-element elementor-element-97c5ae8 elementor-widget elementor-widget-heading\" data-id=\"97c5ae8\" data-element_type=\"widget\" data-e-type=\"widget\" data-widget_type=\"heading.default\">\n\t\t\t\t<div class=\"elementor-widget-container\">\n\t\t\t\t\t<h2 class=\"elementor-heading-title elementor-size-default\">VACANTE PRESENCIAL<\/h2>\t\t\t\t<\/div>\n\t\t\t\t<\/div>\n\t\t\t\t<div class=\"elementor-element elementor-element-d299c09 elementor-widget elementor-widget-text-editor\" data-id=\"d299c09\" data-element_type=\"widget\" data-e-type=\"widget\" data-widget_type=\"text-editor.default\">\n\t\t\t\t<div class=\"elementor-widget-container\">\n\t\t\t\t\t\t\t\t\t<p><strong>Puesto:<\/strong> Psic\u00f3logo(a) cl\u00ednico presencial (se asigna de acuerdo a la cercan\u00eda de su lugar de residencia o bien disponibilidad del consultorio).<\/p><p><strong>Funciones: <\/strong><\/p><ul><li>Brindar atenci\u00f3n psicol\u00f3gica a diferentes poblaciones (ni\u00f1os, adolescentes, adultos, parejas y familias).<\/li><li>Realizar evaluaci\u00f3n-an\u00e1lisis funcional \/ an\u00e1lisis contingencial-, programas de intervenci\u00f3n, intervenci\u00f3n, seguimientos.<\/li><\/ul><p><strong>Requisitos:<\/strong><\/p><ul><li>Trabajar bajo la postura te\u00f3rica conductual, interconductual, contextual o cognitivo conductual (indispensable).<\/li><li>Contar con t\u00edtulo y c\u00e9dula profesional (indispensable).<\/li><li>Diplomados, Maestr\u00eda, Especializaci\u00f3n, Doctorado (indispensable).<\/li><li>Disponibilidad para cubrir al menos 25 horas semanales.<\/li><li>Vivir a no m\u00e1s de una hora(deseable).<\/li><li>Ser puntual, responsable, proactivo y asertivo.<\/li><\/ul>\t\t\t\t\t\t\t\t<\/div>\n\t\t\t\t<\/div>\n\t\t\t\t<div class=\"elementor-element elementor-element-d677a3d elementor-widget-divider--view-line elementor-widget elementor-widget-divider\" data-id=\"d677a3d\" data-element_type=\"widget\" data-e-type=\"widget\" data-widget_type=\"divider.default\">\n\t\t\t\t<div class=\"elementor-widget-container\">\n\t\t\t\t\t\t\t<div class=\"elementor-divider\">\n\t\t\t<span class=\"elementor-divider-separator\">\n\t\t\t\t\t\t<\/span>\n\t\t<\/div>\n\t\t\t\t\t\t<\/div>\n\t\t\t\t<\/div>\n\t\t\t\t<div class=\"elementor-element elementor-element-d8ac4f6 elementor-widget elementor-widget-text-editor\" data-id=\"d8ac4f6\" data-element_type=\"widget\" data-e-type=\"widget\" data-widget_type=\"text-editor.default\">\n\t\t\t\t<div class=\"elementor-widget-container\">\n\t\t\t\t\t\t\t\t\t<p>A los interesados mandar CV <a href=\"mailto:bolsadetrabajo @wandelethos.com.mx\">bolsadetrabajo @wandelethos.com.mx<\/a> con el asunto \u00bb Vacante psicoterapeuta Cuautitl\u00e0n Izcalli\u00bb , \u00abvacante psicoterapeuta Sat\u00e9lite\u00bb \u00abvacante psicoterapeuta Esmeralda\u00bb seg\u00fan sea el caso y nosotros nos ponemos en contacto.<\/p>\t\t\t\t\t\t\t\t<\/div>\n\t\t\t\t<\/div>\n\t\t\t\t<\/div>\n\t\t<div class=\"elementor-element elementor-element-f6571b2 e-con-full e-flex wpr-particle-no wpr-jarallax-no wpr-parallax-no wpr-sticky-section-no wpr-column-slider-no wpr-equal-height-no e-con e-child\" data-id=\"f6571b2\" data-element_type=\"container\" data-e-type=\"container\" data-settings=\"{&quot;background_background&quot;:&quot;classic&quot;}\">\n\t\t\t\t<div class=\"elementor-element elementor-element-83bc491 elementor-widget elementor-widget-heading\" data-id=\"83bc491\" data-element_type=\"widget\" data-e-type=\"widget\" data-widget_type=\"heading.default\">\n\t\t\t\t<div class=\"elementor-widget-container\">\n\t\t\t\t\t<h2 class=\"elementor-heading-title elementor-size-default\">VACANTE ONLINE<\/h2>\t\t\t\t<\/div>\n\t\t\t\t<\/div>\n\t\t\t\t<div class=\"elementor-element elementor-element-00e2d4d elementor-widget elementor-widget-text-editor\" data-id=\"00e2d4d\" data-element_type=\"widget\" data-e-type=\"widget\" data-widget_type=\"text-editor.default\">\n\t\t\t\t<div class=\"elementor-widget-container\">\n\t\t\t\t\t\t\t\t\t<p><strong>Puesto:<\/strong> Psic\u00f3logo cl\u00ednico ONLINE.<\/p><p><strong>Funciones: <\/strong><\/p><ul><li>Brindar atenci\u00f3n psicol\u00f3gica a diferentes poblaciones (ni\u00f1os, adolescentes, adultos, parejas y familias).<\/li><li>Realizar evaluaci\u00f3n-an\u00e1lisis funcional \/ an\u00e1lisis contingencial-, programas de intervenci\u00f3n, intervenci\u00f3n, seguimientos.<\/li><\/ul><p><strong>Requisitos:<\/strong><\/p><ul><li>Trabajar bajo la postura te\u00f3rica conductual, interconductual, contextual o cognitivo conductual (indispensable).<\/li><li>Contar con t\u00edtulo y c\u00e9dula profesional (indispensable).<\/li><li>Diplomados, Maestr\u00eda, Especializaci\u00f3n, Doctorado (indispensable).<\/li><li>Contar con un espacio privado, computadora y buena conexi\u00f3n a internet.<\/li><li>NO IMPORTA LA CIUDAD O ESTADO EN QUE VIVA<\/li><li>Ser puntual, responsable, proactivo y asertivo.<\/li><\/ul>\t\t\t\t\t\t\t\t<\/div>\n\t\t\t\t<\/div>\n\t\t\t\t<div class=\"elementor-element elementor-element-22e1dc1 elementor-widget-divider--view-line elementor-widget elementor-widget-divider\" data-id=\"22e1dc1\" data-element_type=\"widget\" data-e-type=\"widget\" data-widget_type=\"divider.default\">\n\t\t\t\t<div class=\"elementor-widget-container\">\n\t\t\t\t\t\t\t<div class=\"elementor-divider\">\n\t\t\t<span class=\"elementor-divider-separator\">\n\t\t\t\t\t\t<\/span>\n\t\t<\/div>\n\t\t\t\t\t\t<\/div>\n\t\t\t\t<\/div>\n\t\t\t\t<div class=\"elementor-element elementor-element-334c22a elementor-widget elementor-widget-text-editor\" data-id=\"334c22a\" data-element_type=\"widget\" data-e-type=\"widget\" data-widget_type=\"text-editor.default\">\n\t\t\t\t<div class=\"elementor-widget-container\">\n\t\t\t\t\t\t\t\t\t<p>A los interesados mandar CV <a href=\"mailto:bolsadetrabajo @wandelethos.com.mx\">bolsadetrabajo@ wandelethos.com.mx<\/a> con el asunto \u00abvacante psicoterapeuta ONLINE\u00bb y nosotros nos ponemos en contacto.<\/p>\t\t\t\t\t\t\t\t<\/div>\n\t\t\t\t<\/div>\n\t\t\t\t<\/div>\n\t\t\t\t\t<\/div>\n\t\t\t\t<\/div>\n\t\t<div class=\"elementor-element elementor-element-7424d59 e-flex e-con-boxed wpr-particle-no wpr-jarallax-no wpr-parallax-no wpr-sticky-section-no wpr-column-slider-no wpr-equal-height-no e-con e-parent\" data-id=\"7424d59\" data-element_type=\"container\" data-e-type=\"container\">\n\t\t\t\t\t<div class=\"e-con-inner\">\n\t\t<div class=\"elementor-element elementor-element-c9f07c3 e-con-full e-flex wpr-particle-no wpr-jarallax-no wpr-parallax-no wpr-sticky-section-no wpr-column-slider-no wpr-equal-height-no e-con e-child\" data-id=\"c9f07c3\" data-element_type=\"container\" data-e-type=\"container\" data-settings=\"{&quot;background_background&quot;:&quot;classic&quot;}\">\n\t\t\t\t<div class=\"elementor-element elementor-element-d77f42d elementor-widget elementor-widget-heading\" data-id=\"d77f42d\" data-element_type=\"widget\" data-e-type=\"widget\" data-widget_type=\"heading.default\">\n\t\t\t\t<div class=\"elementor-widget-container\">\n\t\t\t\t\t<h2 class=\"elementor-heading-title elementor-size-default\">AFILIACI\u00d3N PARA CANALIZACI\u00d3N DE PACIENTES<\/h2>\t\t\t\t<\/div>\n\t\t\t\t<\/div>\n\t\t\t\t<div class=\"elementor-element elementor-element-c6d9ffb elementor-widget elementor-widget-text-editor\" data-id=\"c6d9ffb\" data-element_type=\"widget\" data-e-type=\"widget\" data-widget_type=\"text-editor.default\">\n\t\t\t\t<div class=\"elementor-widget-container\">\n\t\t\t\t\t\t\t\t\t<p><strong>Funciones: <\/strong><\/p><ul><li>Brindar atenci\u00f3n psicol\u00f3gica a diferentes poblaciones (ni\u00f1os, adolescentes, adultos, parejas y familias).<\/li><li>Realizar evaluaci\u00f3n-an\u00e1lisis funcional \/ an\u00e1lisis contingencial-, programas de intervenci\u00f3n, intervenci\u00f3n, seguimientos.<\/li><\/ul><p><strong>Requisitos:<\/strong><\/p><ul><li>Trabajar bajo la postura te\u00f3rica conductual, interconductual, contextual o cognitivo conductual (indispensable).<\/li><li>Contar con t\u00edtulo y c\u00e9dula profesional (indispensable).<\/li><li>Diplomados, Maestr\u00eda, Especializaci\u00f3n, Doctorado (indispensable).<\/li><li>Tener consultorio en CDMX, EDO. MEX, o en alg\u00fan otro estado de la rep\u00fablica<\/li><li>Ser puntual, responsable, proactivo y asertivo.<\/li><\/ul>\t\t\t\t\t\t\t\t<\/div>\n\t\t\t\t<\/div>\n\t\t\t\t<div class=\"elementor-element elementor-element-bab89be elementor-widget-divider--view-line elementor-widget elementor-widget-divider\" data-id=\"bab89be\" data-element_type=\"widget\" data-e-type=\"widget\" data-widget_type=\"divider.default\">\n\t\t\t\t<div class=\"elementor-widget-container\">\n\t\t\t\t\t\t\t<div class=\"elementor-divider\">\n\t\t\t<span class=\"elementor-divider-separator\">\n\t\t\t\t\t\t<\/span>\n\t\t<\/div>\n\t\t\t\t\t\t<\/div>\n\t\t\t\t<\/div>\n\t\t\t\t<div class=\"elementor-element elementor-element-fcd2a78 elementor-widget elementor-widget-text-editor\" data-id=\"fcd2a78\" data-element_type=\"widget\" data-e-type=\"widget\" data-widget_type=\"text-editor.default\">\n\t\t\t\t<div class=\"elementor-widget-container\">\n\t\t\t\t\t\t\t\t\t<p>Favor de mandar su CV\/ FOTOS DEL CONSULTORIO (EXTERIOR, RECEPCI\u00d3N E INTERIOR) y direcci\u00f3n del Consultorio a <a href=\"mailto:bolsadetrabajo @wandelethos.com.mx\">bolsadetrabajo@ wandelethos.com.mx<\/a> con el asunto \u00abAfiliaci\u00f3n canalizaci\u00f3n de pacientes\u00bb y nosotros nos ponemos en contacto.<\/p>\t\t\t\t\t\t\t\t<\/div>\n\t\t\t\t<\/div>\n\t\t\t\t<\/div>\n\t\t\t\t\t<\/div>\n\t\t\t\t<\/div>\n\t\t\t\t<\/div>\n\t\t","protected":false},"excerpt":{"rendered":"<p>\u00danete a nuestro equipo de psicoterapeutas Bolsa de trabajo de psic\u00f3logos en l\u00ednea y presencial de Wandelethos &#8211; Centro de Atenci\u00f3n Psicologica. VACANTE PRESENCIAL Puesto: Psic\u00f3logo(a) cl\u00ednico presencial (se asigna de acuerdo a la cercan\u00eda de su lugar de residencia o bien disponibilidad del consultorio). Funciones: Brindar atenci\u00f3n psicol\u00f3gica a diferentes poblaciones (ni\u00f1os, adolescentes, adultos, parejas y familias). Realizar evaluaci\u00f3n-an\u00e1lisis funcional \/ an\u00e1lisis contingencial-, programas de intervenci\u00f3n, intervenci\u00f3n, seguimientos. Requisitos: Trabajar bajo la postura te\u00f3rica conductual, interconductual, contextual o cognitivo conductual (indispensable). Contar con t\u00edtulo y c\u00e9dula profesional (indispensable). Diplomados, Maestr\u00eda, Especializaci\u00f3n, Doctorado (indispensable). Disponibilidad para cubrir al menos 25 horas semanales. Vivir a no m\u00e1s de una hora(deseable). Ser puntual, responsable, proactivo y asertivo. A los interesados mandar CV bolsadetrabajo @wandelethos.com.mx con el asunto \u00bb Vacante psicoterapeuta Cuautitl\u00e0n Izcalli\u00bb , \u00abvacante psicoterapeuta Sat\u00e9lite\u00bb \u00abvacante psicoterapeuta Esmeralda\u00bb seg\u00fan sea el caso y nosotros nos ponemos en contacto. VACANTE ONLINE Puesto: Psic\u00f3logo cl\u00ednico ONLINE. Funciones: Brindar atenci\u00f3n psicol\u00f3gica a diferentes poblaciones (ni\u00f1os, adolescentes, adultos, parejas y familias). Realizar evaluaci\u00f3n-an\u00e1lisis funcional \/ an\u00e1lisis contingencial-, programas de intervenci\u00f3n, intervenci\u00f3n, seguimientos. Requisitos: Trabajar bajo la postura te\u00f3rica conductual, interconductual, contextual o cognitivo conductual (indispensable). Contar con t\u00edtulo y c\u00e9dula profesional (indispensable). Diplomados, Maestr\u00eda, Especializaci\u00f3n, Doctorado (indispensable). Contar con un espacio privado, computadora y buena conexi\u00f3n a internet. NO IMPORTA LA CIUDAD O ESTADO EN QUE VIVA Ser puntual, responsable, proactivo y asertivo. A los interesados mandar CV bolsadetrabajo@ wandelethos.com.mx con el asunto \u00abvacante psicoterapeuta ONLINE\u00bb y nosotros nos ponemos en contacto. AFILIACI\u00d3N PARA CANALIZACI\u00d3N DE PACIENTES Funciones: Brindar atenci\u00f3n psicol\u00f3gica a diferentes poblaciones (ni\u00f1os, adolescentes, adultos, parejas y familias). Realizar evaluaci\u00f3n-an\u00e1lisis funcional \/ an\u00e1lisis contingencial-, programas de intervenci\u00f3n, intervenci\u00f3n, seguimientos. Requisitos: Trabajar bajo la postura te\u00f3rica conductual, interconductual, contextual o cognitivo conductual (indispensable). Contar con t\u00edtulo y c\u00e9dula profesional (indispensable). Diplomados, Maestr\u00eda, Especializaci\u00f3n, Doctorado (indispensable). Tener consultorio en CDMX, EDO. MEX, o en alg\u00fan otro estado de la rep\u00fablica Ser puntual, responsable, proactivo y asertivo. Favor de mandar su CV\/ FOTOS DEL CONSULTORIO (EXTERIOR, RECEPCI\u00d3N E INTERIOR) y direcci\u00f3n del Consultorio a bolsadetrabajo@ wandelethos.com.mx con el asunto \u00abAfiliaci\u00f3n canalizaci\u00f3n de pacientes\u00bb y nosotros nos ponemos en contacto.<\/p>\n","protected":false},"author":1,"featured_media":190,"parent":0,"menu_order":0,"comment_status":"closed","ping_status":"closed","template":"","meta":{"footnotes":""},"class_list":["post-2407","page","type-page","status-publish","has-post-thumbnail","hentry"],"yoast_head":"<!-- This site is optimized with the Yoast SEO plugin v27.6 - https:\/\/yoast.com\/product\/yoast-seo-wordpress\/ -->\n<title>Bolsa de Trabajo - Wandelethos Centro de Atenci\u00f3n Psicologica<\/title>\n<meta name=\"description\" content=\"Trabajos de psicolog\u00eda Bolsa de Trabajo de psic\u00f3logos en l\u00ednea y presencial de Wandelethos - Centro de Atenci\u00f3n Psicologica.\" \/>\n<meta name=\"robots\" content=\"index, follow, max-snippet:-1, max-image-preview:large, max-video-preview:-1\" \/>\n<link rel=\"canonical\" href=\"https:\/\/wandelethos.com\/clinica\/bolsa-de-trabajo\/\" \/>\n<meta property=\"og:locale\" content=\"es_ES\" \/>\n<meta property=\"og:type\" content=\"article\" \/>\n<meta property=\"og:title\" content=\"Bolsa de Trabajo - Wandelethos Centro de Atenci\u00f3n Psicologica\" \/>\n<meta property=\"og:description\" content=\"Trabajos de psicolog\u00eda Bolsa de Trabajo de psic\u00f3logos en l\u00ednea y presencial de Wandelethos - Centro de Atenci\u00f3n Psicologica.\" \/>\n<meta property=\"og:url\" content=\"https:\/\/wandelethos.com\/clinica\/bolsa-de-trabajo\/\" \/>\n<meta property=\"og:site_name\" content=\"PSIC\u00d3LOGOS ONLINE Y PRESENCIAL -PSIC\u00d3LOGOS CDMX, EDO M\u00c9X, M\u00c9XICO.\" \/>\n<meta property=\"article:publisher\" content=\"https:\/\/www.facebook.com\/psicologosyterapiadepareja\" \/>\n<meta property=\"article:modified_time\" content=\"2024-02-06T18:36:56+00:00\" \/>\n<meta property=\"og:image\" content=\"https:\/\/wandelethos.com\/clinica\/wp-content\/uploads\/2023\/10\/favicon.webp\" \/>\n\t<meta property=\"og:image:width\" content=\"200\" \/>\n\t<meta property=\"og:image:height\" content=\"200\" \/>\n\t<meta property=\"og:image:type\" content=\"image\/webp\" \/>\n<meta name=\"twitter:card\" content=\"summary_large_image\" \/>\n<meta name=\"twitter:label1\" content=\"Tiempo de lectura\" \/>\n\t<meta name=\"twitter:data1\" content=\"2 minutos\" \/>\n<script type=\"application\/ld+json\" class=\"yoast-schema-graph\">{\"@context\":\"https:\\\/\\\/schema.org\",\"@graph\":[{\"@type\":\"WebPage\",\"@id\":\"https:\\\/\\\/wandelethos.com\\\/clinica\\\/bolsa-de-trabajo\\\/\",\"url\":\"https:\\\/\\\/wandelethos.com\\\/clinica\\\/bolsa-de-trabajo\\\/\",\"name\":\"Bolsa de Trabajo - Wandelethos Centro de Atenci\u00f3n Psicologica\",\"isPartOf\":{\"@id\":\"https:\\\/\\\/wandelethos.com\\\/clinica\\\/#website\"},\"primaryImageOfPage\":{\"@id\":\"https:\\\/\\\/wandelethos.com\\\/clinica\\\/bolsa-de-trabajo\\\/#primaryimage\"},\"image\":{\"@id\":\"https:\\\/\\\/wandelethos.com\\\/clinica\\\/bolsa-de-trabajo\\\/#primaryimage\"},\"thumbnailUrl\":\"https:\\\/\\\/wandelethos.com\\\/clinica\\\/wp-content\\\/uploads\\\/2023\\\/10\\\/favicon.webp\",\"datePublished\":\"2023-11-03T18:55:07+00:00\",\"dateModified\":\"2024-02-06T18:36:56+00:00\",\"description\":\"Trabajos de psicolog\u00eda Bolsa de Trabajo de psic\u00f3logos en l\u00ednea y presencial de Wandelethos - Centro de Atenci\u00f3n Psicologica.\",\"breadcrumb\":{\"@id\":\"https:\\\/\\\/wandelethos.com\\\/clinica\\\/bolsa-de-trabajo\\\/#breadcrumb\"},\"inLanguage\":\"es\",\"potentialAction\":[{\"@type\":\"ReadAction\",\"target\":[\"https:\\\/\\\/wandelethos.com\\\/clinica\\\/bolsa-de-trabajo\\\/\"]}]},{\"@type\":\"ImageObject\",\"inLanguage\":\"es\",\"@id\":\"https:\\\/\\\/wandelethos.com\\\/clinica\\\/bolsa-de-trabajo\\\/#primaryimage\",\"url\":\"https:\\\/\\\/wandelethos.com\\\/clinica\\\/wp-content\\\/uploads\\\/2023\\\/10\\\/favicon.webp\",\"contentUrl\":\"https:\\\/\\\/wandelethos.com\\\/clinica\\\/wp-content\\\/uploads\\\/2023\\\/10\\\/favicon.webp\",\"width\":200,\"height\":200,\"caption\":\"psicologos en linea y presencial - wandelethos\"},{\"@type\":\"BreadcrumbList\",\"@id\":\"https:\\\/\\\/wandelethos.com\\\/clinica\\\/bolsa-de-trabajo\\\/#breadcrumb\",\"itemListElement\":[{\"@type\":\"ListItem\",\"position\":1,\"name\":\"Portada\",\"item\":\"https:\\\/\\\/wandelethos.com\\\/clinica\\\/\"},{\"@type\":\"ListItem\",\"position\":2,\"name\":\"Bolsa de Trabajo\"}]},{\"@type\":\"WebSite\",\"@id\":\"https:\\\/\\\/wandelethos.com\\\/clinica\\\/#website\",\"url\":\"https:\\\/\\\/wandelethos.com\\\/clinica\\\/\",\"name\":\"PSIC\u00d3LOGOS ONLINE Y PRESENCIAL -PSIC\u00d3LOGOS CDMX, EDO M\u00c9X, M\u00c9XICO.\",\"description\":\"Psic\u00f3logos online y presencial-Psic\u00f2logos CDMX- Edo M\u00e9x-M\u00e9xico,  Centro de Atenci\u00f3n Psicol\u00f3gica Wandelethos, contamos con psic\u00f3logos especialistas en Terapia Psicologica Individual  y Terapia de Pareja en online y presencial en CDMX- Edo M\u00e9x- M\u00e9xico.\",\"publisher\":{\"@id\":\"https:\\\/\\\/wandelethos.com\\\/clinica\\\/#organization\"},\"alternateName\":\"Psic\u00f3logos Online y Presencial - Psic\u00f3logos en M\u00e9xico\",\"potentialAction\":[{\"@type\":\"SearchAction\",\"target\":{\"@type\":\"EntryPoint\",\"urlTemplate\":\"https:\\\/\\\/wandelethos.com\\\/clinica\\\/?s={search_term_string}\"},\"query-input\":{\"@type\":\"PropertyValueSpecification\",\"valueRequired\":true,\"valueName\":\"search_term_string\"}}],\"inLanguage\":\"es\"},{\"@type\":\"Organization\",\"@id\":\"https:\\\/\\\/wandelethos.com\\\/clinica\\\/#organization\",\"name\":\"Centro de Atenci\u00f3n Psicologica WANDELETHOS\",\"url\":\"https:\\\/\\\/wandelethos.com\\\/clinica\\\/\",\"logo\":{\"@type\":\"ImageObject\",\"inLanguage\":\"es\",\"@id\":\"https:\\\/\\\/wandelethos.com\\\/clinica\\\/#\\\/schema\\\/logo\\\/image\\\/\",\"url\":\"https:\\\/\\\/wandelethos.com\\\/clinica\\\/wp-content\\\/uploads\\\/2023\\\/11\\\/centro-de-atencion-psicologica-wandelethos.webp\",\"contentUrl\":\"https:\\\/\\\/wandelethos.com\\\/clinica\\\/wp-content\\\/uploads\\\/2023\\\/11\\\/centro-de-atencion-psicologica-wandelethos.webp\",\"width\":300,\"height\":300,\"caption\":\"Centro de Atenci\u00f3n Psicologica WANDELETHOS\"},\"image\":{\"@id\":\"https:\\\/\\\/wandelethos.com\\\/clinica\\\/#\\\/schema\\\/logo\\\/image\\\/\"},\"sameAs\":[\"https:\\\/\\\/www.facebook.com\\\/psicologosyterapiadepareja\"]}]}<\/script>\n<!-- \/ Yoast SEO plugin. -->","yoast_head_json":{"title":"Bolsa de Trabajo - Wandelethos Centro de Atenci\u00f3n Psicologica","description":"Trabajos de psicolog\u00eda Bolsa de Trabajo de psic\u00f3logos en l\u00ednea y presencial de Wandelethos - Centro de Atenci\u00f3n Psicologica.","robots":{"index":"index","follow":"follow","max-snippet":"max-snippet:-1","max-image-preview":"max-image-preview:large","max-video-preview":"max-video-preview:-1"},"canonical":"https:\/\/wandelethos.com\/clinica\/bolsa-de-trabajo\/","og_locale":"es_ES","og_type":"article","og_title":"Bolsa de Trabajo - Wandelethos Centro de Atenci\u00f3n Psicologica","og_description":"Trabajos de psicolog\u00eda Bolsa de Trabajo de psic\u00f3logos en l\u00ednea y presencial de Wandelethos - Centro de Atenci\u00f3n Psicologica.","og_url":"https:\/\/wandelethos.com\/clinica\/bolsa-de-trabajo\/","og_site_name":"PSIC\u00d3LOGOS ONLINE Y PRESENCIAL -PSIC\u00d3LOGOS CDMX, EDO M\u00c9X, M\u00c9XICO.","article_publisher":"https:\/\/www.facebook.com\/psicologosyterapiadepareja","article_modified_time":"2024-02-06T18:36:56+00:00","og_image":[{"width":200,"height":200,"url":"https:\/\/wandelethos.com\/clinica\/wp-content\/uploads\/2023\/10\/favicon.webp","type":"image\/webp"}],"twitter_card":"summary_large_image","twitter_misc":{"Tiempo de lectura":"2 minutos"},"schema":{"@context":"https:\/\/schema.org","@graph":[{"@type":"WebPage","@id":"https:\/\/wandelethos.com\/clinica\/bolsa-de-trabajo\/","url":"https:\/\/wandelethos.com\/clinica\/bolsa-de-trabajo\/","name":"Bolsa de Trabajo - Wandelethos Centro de Atenci\u00f3n Psicologica","isPartOf":{"@id":"https:\/\/wandelethos.com\/clinica\/#website"},"primaryImageOfPage":{"@id":"https:\/\/wandelethos.com\/clinica\/bolsa-de-trabajo\/#primaryimage"},"image":{"@id":"https:\/\/wandelethos.com\/clinica\/bolsa-de-trabajo\/#primaryimage"},"thumbnailUrl":"https:\/\/wandelethos.com\/clinica\/wp-content\/uploads\/2023\/10\/favicon.webp","datePublished":"2023-11-03T18:55:07+00:00","dateModified":"2024-02-06T18:36:56+00:00","description":"Trabajos de psicolog\u00eda Bolsa de Trabajo de psic\u00f3logos en l\u00ednea y presencial de Wandelethos - Centro de Atenci\u00f3n Psicologica.","breadcrumb":{"@id":"https:\/\/wandelethos.com\/clinica\/bolsa-de-trabajo\/#breadcrumb"},"inLanguage":"es","potentialAction":[{"@type":"ReadAction","target":["https:\/\/wandelethos.com\/clinica\/bolsa-de-trabajo\/"]}]},{"@type":"ImageObject","inLanguage":"es","@id":"https:\/\/wandelethos.com\/clinica\/bolsa-de-trabajo\/#primaryimage","url":"https:\/\/wandelethos.com\/clinica\/wp-content\/uploads\/2023\/10\/favicon.webp","contentUrl":"https:\/\/wandelethos.com\/clinica\/wp-content\/uploads\/2023\/10\/favicon.webp","width":200,"height":200,"caption":"psicologos en linea y presencial - wandelethos"},{"@type":"BreadcrumbList","@id":"https:\/\/wandelethos.com\/clinica\/bolsa-de-trabajo\/#breadcrumb","itemListElement":[{"@type":"ListItem","position":1,"name":"Portada","item":"https:\/\/wandelethos.com\/clinica\/"},{"@type":"ListItem","position":2,"name":"Bolsa de Trabajo"}]},{"@type":"WebSite","@id":"https:\/\/wandelethos.com\/clinica\/#website","url":"https:\/\/wandelethos.com\/clinica\/","name":"PSIC\u00d3LOGOS ONLINE Y PRESENCIAL -PSIC\u00d3LOGOS CDMX, EDO M\u00c9X, M\u00c9XICO.","description":"Psic\u00f3logos online y presencial-Psic\u00f2logos CDMX- Edo M\u00e9x-M\u00e9xico,  Centro de Atenci\u00f3n Psicol\u00f3gica Wandelethos, contamos con psic\u00f3logos especialistas en Terapia Psicologica Individual  y Terapia de Pareja en online y presencial en CDMX- Edo M\u00e9x- M\u00e9xico.","publisher":{"@id":"https:\/\/wandelethos.com\/clinica\/#organization"},"alternateName":"Psic\u00f3logos Online y Presencial - Psic\u00f3logos en M\u00e9xico","potentialAction":[{"@type":"SearchAction","target":{"@type":"EntryPoint","urlTemplate":"https:\/\/wandelethos.com\/clinica\/?s={search_term_string}"},"query-input":{"@type":"PropertyValueSpecification","valueRequired":true,"valueName":"search_term_string"}}],"inLanguage":"es"},{"@type":"Organization","@id":"https:\/\/wandelethos.com\/clinica\/#organization","name":"Centro de Atenci\u00f3n Psicologica WANDELETHOS","url":"https:\/\/wandelethos.com\/clinica\/","logo":{"@type":"ImageObject","inLanguage":"es","@id":"https:\/\/wandelethos.com\/clinica\/#\/schema\/logo\/image\/","url":"https:\/\/wandelethos.com\/clinica\/wp-content\/uploads\/2023\/11\/centro-de-atencion-psicologica-wandelethos.webp","contentUrl":"https:\/\/wandelethos.com\/clinica\/wp-content\/uploads\/2023\/11\/centro-de-atencion-psicologica-wandelethos.webp","width":300,"height":300,"caption":"Centro de Atenci\u00f3n Psicologica WANDELETHOS"},"image":{"@id":"https:\/\/wandelethos.com\/clinica\/#\/schema\/logo\/image\/"},"sameAs":["https:\/\/www.facebook.com\/psicologosyterapiadepareja"]}]}},"_links":{"self":[{"href":"https:\/\/wandelethos.com\/clinica\/wp-json\/wp\/v2\/pages\/2407","targetHints":{"allow":["GET"]}}],"collection":[{"href":"https:\/\/wandelethos.com\/clinica\/wp-json\/wp\/v2\/pages"}],"about":[{"href":"https:\/\/wandelethos.com\/clinica\/wp-json\/wp\/v2\/types\/page"}],"author":[{"embeddable":true,"href":"https:\/\/wandelethos.com\/clinica\/wp-json\/wp\/v2\/users\/1"}],"replies":[{"embeddable":true,"href":"https:\/\/wandelethos.com\/clinica\/wp-json\/wp\/v2\/comments?post=2407"}],"version-history":[{"count":48,"href":"https:\/\/wandelethos.com\/clinica\/wp-json\/wp\/v2\/pages\/2407\/revisions"}],"predecessor-version":[{"id":6495,"href":"https:\/\/wandelethos.com\/clinica\/wp-json\/wp\/v2\/pages\/2407\/revisions\/6495"}],"wp:featuredmedia":[{"embeddable":true,"href":"https:\/\/wandelethos.com\/clinica\/wp-json\/wp\/v2\/media\/190"}],"wp:attachment":[{"href":"https:\/\/wandelethos.com\/clinica\/wp-json\/wp\/v2\/media?parent=2407"}],"curies":[{"name":"wp","href":"https:\/\/api.w.org\/{rel}","templated":true}]}}