{"id":2403,"date":"2023-11-03T18:51:53","date_gmt":"2023-11-03T18:51:53","guid":{"rendered":"https:\/\/wandelethos.com\/clinica\/?page_id=2403"},"modified":"2024-02-13T16:41:31","modified_gmt":"2024-02-13T16:41:31","slug":"facturacion","status":"publish","type":"page","link":"https:\/\/wandelethos.com\/clinica\/facturacion\/","title":{"rendered":"Facturaci\u00f3n"},"content":{"rendered":"\t\t<div data-elementor-type=\"wp-page\" data-elementor-id=\"2403\" class=\"elementor elementor-2403\" data-elementor-post-type=\"page\">\n\t\t\t\t<div class=\"elementor-element elementor-element-65e3fdc e-flex e-con-boxed wpr-particle-no wpr-jarallax-no wpr-parallax-no wpr-sticky-section-no wpr-column-slider-no wpr-equal-height-no e-con e-parent\" data-id=\"65e3fdc\" data-element_type=\"container\" data-e-type=\"container\">\n\t\t\t\t\t<div class=\"e-con-inner\">\n\t\t\t\t<div class=\"elementor-element elementor-element-611918c premium-header-block premium-lq__none premium-box-lq__none elementor-widget elementor-widget-premium-addon-dual-header\" data-id=\"611918c\" data-element_type=\"widget\" data-e-type=\"widget\" data-widget_type=\"premium-addon-dual-header.default\">\n\t\t\t\t\t\n\t\t<div class=\"elementor-widget-container\">\n\t\t<div class=\"premium-dual-header-wrapper\">\n\t\t\t\t\t<h2 class=\"premium-dual-header-first-header \"><span class=\"premium-dual-header-first-span\"> <\/span><span class=\"premium-dual-header-second-header \">Facturaci\u00f3n<\/span><\/h2> \t\t\t\t\t\t<\/div>\n\t\t<\/div>\n\n\t\t\t\t\t\t<\/div>\n\t\t\t\t<div class=\"elementor-element elementor-element-ec52b3d elementor-widget__width-initial elementor-widget-mobile__width-inherit elementor-widget elementor-widget-text-editor\" data-id=\"ec52b3d\" data-element_type=\"widget\" data-e-type=\"widget\" data-widget_type=\"text-editor.default\">\n\t\t\t\t<div class=\"elementor-widget-container\">\n\t\t\t\t\t\t\t\t\t<p>En caso de requerir <strong>factura<\/strong> necesitamos nos env\u00ede su Constancia de Situaci\u00f3n Fiscal, su comprobante de pago (foto de ticket o captura de pantalla) y sus datos fiscales a: <a href=\"mailto:contawandelethos@gmail.com\">contawandelethos@gmail.com<\/a><\/p><p><strong>Recuerde que si requiere Factura, el pago es costo m\u00e1s IVA&#8211; $16%<\/strong><\/p><p>Datos fiscales<\/p><ul><li>Nombre:<\/li><li>RFC:<\/li><li>Domicilio:<\/li><li>Correo electr\u00f3nico:<\/li><li>R\u00e9gimen:<\/li><li>Uso:<\/li><li>Psicoterapeuta a cargo:<\/li><\/ul><p>\u00a0<\/p><p>Cuenta para Facturas WANDELETHOS<\/p><p><strong> Nombre:<\/strong> Susana Morales Rojas<\/p><p><strong> N\u00famero de cuenta<\/strong>: 0482510561<\/p><p><strong>Clabe interbancaria:<\/strong> 012180004825105612 BBVA<\/p><p><strong>Concepto:<\/strong> Nombre del paciente<\/p><p><span style=\"text-decoration: underline;\"><em><strong> NOTA:<\/strong><\/em><\/span><\/p><p><strong><em>S\u00f3lo se realizan facturas del mes en curso, el \u00faltimo d\u00eda de cada mes no se reciben pagos y no se realizan facturas (por temas del corte administrativo). <\/em><\/strong><\/p><p><em><b>La solicitud de facturas que se reciben del 1ro al\u00a0 15 de cada mes se env\u00edan el 17 del mes en curso\u2026. Las que se reciben del 15 al 29\u00a0 se enviaran el 30 o 31 del mes en curso.<\/b><\/em><\/p>\t\t\t\t\t\t\t\t<\/div>\n\t\t\t\t<\/div>\n\t\t\t\t\t<\/div>\n\t\t\t\t<\/div>\n\t\t\t\t<\/div>\n\t\t","protected":false},"excerpt":{"rendered":"<p>Facturaci\u00f3n En caso de requerir factura necesitamos nos env\u00ede su Constancia de Situaci\u00f3n Fiscal, su comprobante de pago (foto de ticket o captura de pantalla) y sus datos fiscales a: contawandelethos@gmail.com Recuerde que si requiere Factura, el pago es costo m\u00e1s IVA&#8211; $16% Datos fiscales Nombre: RFC: Domicilio: Correo electr\u00f3nico: R\u00e9gimen: Uso: Psicoterapeuta a cargo: \u00a0 Cuenta para Facturas WANDELETHOS Nombre: Susana Morales Rojas N\u00famero de cuenta: 0482510561 Clabe interbancaria: 012180004825105612 BBVA Concepto: Nombre del paciente NOTA: S\u00f3lo se realizan facturas del mes en curso, el \u00faltimo d\u00eda de cada mes no se reciben pagos y no se realizan facturas (por temas del corte administrativo). La solicitud de facturas que se reciben del 1ro al\u00a0 15 de cada mes se env\u00edan el 17 del mes en curso\u2026. Las que se reciben del 15 al 29\u00a0 se enviaran el 30 o 31 del mes en curso.<\/p>\n","protected":false},"author":1,"featured_media":0,"parent":0,"menu_order":0,"comment_status":"closed","ping_status":"closed","template":"","meta":{"footnotes":""},"class_list":["post-2403","page","type-page","status-publish","hentry"],"yoast_head":"<!-- This site is optimized with the Yoast SEO plugin v27.6 - https:\/\/yoast.com\/product\/yoast-seo-wordpress\/ -->\n<title>Facturaci\u00f3n - PSIC\u00d3LOGOS ONLINE Y PRESENCIAL -PSIC\u00d3LOGOS CDMX, EDO M\u00c9X, M\u00c9XICO.<\/title>\n<meta name=\"description\" content=\"Facturaci\u00f3n - En caso de requerir factura necesitamos nos env\u00ede su Constancia de Situaci\u00f3n Fiscal, su comprobante de pago ...\" \/>\n<meta name=\"robots\" content=\"index, follow, max-snippet:-1, max-image-preview:large, max-video-preview:-1\" \/>\n<link rel=\"canonical\" href=\"https:\/\/wandelethos.com\/clinica\/facturacion\/\" \/>\n<meta property=\"og:locale\" content=\"es_ES\" \/>\n<meta property=\"og:type\" content=\"article\" \/>\n<meta property=\"og:title\" content=\"Facturaci\u00f3n - PSIC\u00d3LOGOS ONLINE Y PRESENCIAL -PSIC\u00d3LOGOS CDMX, EDO M\u00c9X, M\u00c9XICO.\" \/>\n<meta property=\"og:description\" content=\"Facturaci\u00f3n - En caso de requerir factura necesitamos nos env\u00ede su Constancia de Situaci\u00f3n Fiscal, su comprobante de pago ...\" \/>\n<meta property=\"og:url\" content=\"https:\/\/wandelethos.com\/clinica\/facturacion\/\" \/>\n<meta property=\"og:site_name\" content=\"PSIC\u00d3LOGOS ONLINE Y PRESENCIAL -PSIC\u00d3LOGOS CDMX, EDO M\u00c9X, M\u00c9XICO.\" \/>\n<meta property=\"article:publisher\" content=\"https:\/\/www.facebook.com\/psicologosyterapiadepareja\" \/>\n<meta property=\"article:modified_time\" content=\"2024-02-13T16:41:31+00:00\" \/>\n<meta property=\"og:image\" content=\"https:\/\/wandelethos.com\/clinica\/wp-content\/uploads\/2023\/11\/centro-de-atencion-psicologica-wandelethos.webp\" \/>\n\t<meta property=\"og:image:width\" content=\"300\" \/>\n\t<meta property=\"og:image:height\" content=\"300\" \/>\n\t<meta property=\"og:image:type\" content=\"image\/webp\" \/>\n<meta name=\"twitter:card\" content=\"summary_large_image\" \/>\n<meta name=\"twitter:label1\" content=\"Tiempo de lectura\" \/>\n\t<meta name=\"twitter:data1\" content=\"1 minuto\" \/>\n<script type=\"application\/ld+json\" class=\"yoast-schema-graph\">{\"@context\":\"https:\\\/\\\/schema.org\",\"@graph\":[{\"@type\":\"WebPage\",\"@id\":\"https:\\\/\\\/wandelethos.com\\\/clinica\\\/facturacion\\\/\",\"url\":\"https:\\\/\\\/wandelethos.com\\\/clinica\\\/facturacion\\\/\",\"name\":\"Facturaci\u00f3n - PSIC\u00d3LOGOS ONLINE Y PRESENCIAL -PSIC\u00d3LOGOS CDMX, EDO M\u00c9X, M\u00c9XICO.\",\"isPartOf\":{\"@id\":\"https:\\\/\\\/wandelethos.com\\\/clinica\\\/#website\"},\"datePublished\":\"2023-11-03T18:51:53+00:00\",\"dateModified\":\"2024-02-13T16:41:31+00:00\",\"description\":\"Facturaci\u00f3n - En caso de requerir factura necesitamos nos env\u00ede su Constancia de Situaci\u00f3n Fiscal, su comprobante de pago ...\",\"breadcrumb\":{\"@id\":\"https:\\\/\\\/wandelethos.com\\\/clinica\\\/facturacion\\\/#breadcrumb\"},\"inLanguage\":\"es\",\"potentialAction\":[{\"@type\":\"ReadAction\",\"target\":[\"https:\\\/\\\/wandelethos.com\\\/clinica\\\/facturacion\\\/\"]}]},{\"@type\":\"BreadcrumbList\",\"@id\":\"https:\\\/\\\/wandelethos.com\\\/clinica\\\/facturacion\\\/#breadcrumb\",\"itemListElement\":[{\"@type\":\"ListItem\",\"position\":1,\"name\":\"Portada\",\"item\":\"https:\\\/\\\/wandelethos.com\\\/clinica\\\/\"},{\"@type\":\"ListItem\",\"position\":2,\"name\":\"Facturaci\u00f3n\"}]},{\"@type\":\"WebSite\",\"@id\":\"https:\\\/\\\/wandelethos.com\\\/clinica\\\/#website\",\"url\":\"https:\\\/\\\/wandelethos.com\\\/clinica\\\/\",\"name\":\"PSIC\u00d3LOGOS ONLINE Y PRESENCIAL -PSIC\u00d3LOGOS CDMX, EDO M\u00c9X, M\u00c9XICO.\",\"description\":\"Psic\u00f3logos online y presencial-Psic\u00f2logos CDMX- Edo M\u00e9x-M\u00e9xico,  Centro de Atenci\u00f3n Psicol\u00f3gica Wandelethos, contamos con psic\u00f3logos especialistas en Terapia Psicologica Individual  y Terapia de Pareja en online y presencial en CDMX- Edo M\u00e9x- M\u00e9xico.\",\"publisher\":{\"@id\":\"https:\\\/\\\/wandelethos.com\\\/clinica\\\/#organization\"},\"alternateName\":\"Psic\u00f3logos Online y Presencial - Psic\u00f3logos en M\u00e9xico\",\"potentialAction\":[{\"@type\":\"SearchAction\",\"target\":{\"@type\":\"EntryPoint\",\"urlTemplate\":\"https:\\\/\\\/wandelethos.com\\\/clinica\\\/?s={search_term_string}\"},\"query-input\":{\"@type\":\"PropertyValueSpecification\",\"valueRequired\":true,\"valueName\":\"search_term_string\"}}],\"inLanguage\":\"es\"},{\"@type\":\"Organization\",\"@id\":\"https:\\\/\\\/wandelethos.com\\\/clinica\\\/#organization\",\"name\":\"Centro de Atenci\u00f3n Psicologica WANDELETHOS\",\"url\":\"https:\\\/\\\/wandelethos.com\\\/clinica\\\/\",\"logo\":{\"@type\":\"ImageObject\",\"inLanguage\":\"es\",\"@id\":\"https:\\\/\\\/wandelethos.com\\\/clinica\\\/#\\\/schema\\\/logo\\\/image\\\/\",\"url\":\"https:\\\/\\\/wandelethos.com\\\/clinica\\\/wp-content\\\/uploads\\\/2023\\\/11\\\/centro-de-atencion-psicologica-wandelethos.webp\",\"contentUrl\":\"https:\\\/\\\/wandelethos.com\\\/clinica\\\/wp-content\\\/uploads\\\/2023\\\/11\\\/centro-de-atencion-psicologica-wandelethos.webp\",\"width\":300,\"height\":300,\"caption\":\"Centro de Atenci\u00f3n Psicologica WANDELETHOS\"},\"image\":{\"@id\":\"https:\\\/\\\/wandelethos.com\\\/clinica\\\/#\\\/schema\\\/logo\\\/image\\\/\"},\"sameAs\":[\"https:\\\/\\\/www.facebook.com\\\/psicologosyterapiadepareja\"]}]}<\/script>\n<!-- \/ Yoast SEO plugin. -->","yoast_head_json":{"title":"Facturaci\u00f3n - PSIC\u00d3LOGOS ONLINE Y PRESENCIAL -PSIC\u00d3LOGOS CDMX, EDO M\u00c9X, M\u00c9XICO.","description":"Facturaci\u00f3n - En caso de requerir factura necesitamos nos env\u00ede su Constancia de Situaci\u00f3n Fiscal, su comprobante de pago ...","robots":{"index":"index","follow":"follow","max-snippet":"max-snippet:-1","max-image-preview":"max-image-preview:large","max-video-preview":"max-video-preview:-1"},"canonical":"https:\/\/wandelethos.com\/clinica\/facturacion\/","og_locale":"es_ES","og_type":"article","og_title":"Facturaci\u00f3n - PSIC\u00d3LOGOS ONLINE Y PRESENCIAL -PSIC\u00d3LOGOS CDMX, EDO M\u00c9X, M\u00c9XICO.","og_description":"Facturaci\u00f3n - En caso de requerir factura necesitamos nos env\u00ede su Constancia de Situaci\u00f3n Fiscal, su comprobante de pago ...","og_url":"https:\/\/wandelethos.com\/clinica\/facturacion\/","og_site_name":"PSIC\u00d3LOGOS ONLINE Y PRESENCIAL -PSIC\u00d3LOGOS CDMX, EDO M\u00c9X, M\u00c9XICO.","article_publisher":"https:\/\/www.facebook.com\/psicologosyterapiadepareja","article_modified_time":"2024-02-13T16:41:31+00:00","og_image":[{"width":300,"height":300,"url":"https:\/\/wandelethos.com\/clinica\/wp-content\/uploads\/2023\/11\/centro-de-atencion-psicologica-wandelethos.webp","type":"image\/webp"}],"twitter_card":"summary_large_image","twitter_misc":{"Tiempo de lectura":"1 minuto"},"schema":{"@context":"https:\/\/schema.org","@graph":[{"@type":"WebPage","@id":"https:\/\/wandelethos.com\/clinica\/facturacion\/","url":"https:\/\/wandelethos.com\/clinica\/facturacion\/","name":"Facturaci\u00f3n - PSIC\u00d3LOGOS ONLINE Y PRESENCIAL -PSIC\u00d3LOGOS CDMX, EDO M\u00c9X, M\u00c9XICO.","isPartOf":{"@id":"https:\/\/wandelethos.com\/clinica\/#website"},"datePublished":"2023-11-03T18:51:53+00:00","dateModified":"2024-02-13T16:41:31+00:00","description":"Facturaci\u00f3n - En caso de requerir factura necesitamos nos env\u00ede su Constancia de Situaci\u00f3n Fiscal, su comprobante de pago ...","breadcrumb":{"@id":"https:\/\/wandelethos.com\/clinica\/facturacion\/#breadcrumb"},"inLanguage":"es","potentialAction":[{"@type":"ReadAction","target":["https:\/\/wandelethos.com\/clinica\/facturacion\/"]}]},{"@type":"BreadcrumbList","@id":"https:\/\/wandelethos.com\/clinica\/facturacion\/#breadcrumb","itemListElement":[{"@type":"ListItem","position":1,"name":"Portada","item":"https:\/\/wandelethos.com\/clinica\/"},{"@type":"ListItem","position":2,"name":"Facturaci\u00f3n"}]},{"@type":"WebSite","@id":"https:\/\/wandelethos.com\/clinica\/#website","url":"https:\/\/wandelethos.com\/clinica\/","name":"PSIC\u00d3LOGOS ONLINE Y PRESENCIAL -PSIC\u00d3LOGOS CDMX, EDO M\u00c9X, M\u00c9XICO.","description":"Psic\u00f3logos online y presencial-Psic\u00f2logos CDMX- Edo M\u00e9x-M\u00e9xico,  Centro de Atenci\u00f3n Psicol\u00f3gica Wandelethos, contamos con psic\u00f3logos especialistas en Terapia Psicologica Individual  y Terapia de Pareja en online y presencial en CDMX- Edo M\u00e9x- M\u00e9xico.","publisher":{"@id":"https:\/\/wandelethos.com\/clinica\/#organization"},"alternateName":"Psic\u00f3logos Online y Presencial - Psic\u00f3logos en M\u00e9xico","potentialAction":[{"@type":"SearchAction","target":{"@type":"EntryPoint","urlTemplate":"https:\/\/wandelethos.com\/clinica\/?s={search_term_string}"},"query-input":{"@type":"PropertyValueSpecification","valueRequired":true,"valueName":"search_term_string"}}],"inLanguage":"es"},{"@type":"Organization","@id":"https:\/\/wandelethos.com\/clinica\/#organization","name":"Centro de Atenci\u00f3n Psicologica WANDELETHOS","url":"https:\/\/wandelethos.com\/clinica\/","logo":{"@type":"ImageObject","inLanguage":"es","@id":"https:\/\/wandelethos.com\/clinica\/#\/schema\/logo\/image\/","url":"https:\/\/wandelethos.com\/clinica\/wp-content\/uploads\/2023\/11\/centro-de-atencion-psicologica-wandelethos.webp","contentUrl":"https:\/\/wandelethos.com\/clinica\/wp-content\/uploads\/2023\/11\/centro-de-atencion-psicologica-wandelethos.webp","width":300,"height":300,"caption":"Centro de Atenci\u00f3n Psicologica WANDELETHOS"},"image":{"@id":"https:\/\/wandelethos.com\/clinica\/#\/schema\/logo\/image\/"},"sameAs":["https:\/\/www.facebook.com\/psicologosyterapiadepareja"]}]}},"_links":{"self":[{"href":"https:\/\/wandelethos.com\/clinica\/wp-json\/wp\/v2\/pages\/2403","targetHints":{"allow":["GET"]}}],"collection":[{"href":"https:\/\/wandelethos.com\/clinica\/wp-json\/wp\/v2\/pages"}],"about":[{"href":"https:\/\/wandelethos.com\/clinica\/wp-json\/wp\/v2\/types\/page"}],"author":[{"embeddable":true,"href":"https:\/\/wandelethos.com\/clinica\/wp-json\/wp\/v2\/users\/1"}],"replies":[{"embeddable":true,"href":"https:\/\/wandelethos.com\/clinica\/wp-json\/wp\/v2\/comments?post=2403"}],"version-history":[{"count":13,"href":"https:\/\/wandelethos.com\/clinica\/wp-json\/wp\/v2\/pages\/2403\/revisions"}],"predecessor-version":[{"id":6392,"href":"https:\/\/wandelethos.com\/clinica\/wp-json\/wp\/v2\/pages\/2403\/revisions\/6392"}],"wp:attachment":[{"href":"https:\/\/wandelethos.com\/clinica\/wp-json\/wp\/v2\/media?parent=2403"}],"curies":[{"name":"wp","href":"https:\/\/api.w.org\/{rel}","templated":true}]}}